{"id":20,"date":"2024-09-28T22:50:55","date_gmt":"2024-09-28T22:50:55","guid":{"rendered":"https:\/\/pyngu.ro\/?page_id=20"},"modified":"2025-06-05T23:47:58","modified_gmt":"2025-06-05T23:47:58","slug":"home","status":"publish","type":"page","link":"https:\/\/pyngu.ro\/","title":{"rendered":"Home"},"content":{"rendered":"\n<div class=\"wp-block-cover alignfull has-parallax\" style=\"min-height:800px;aspect-ratio:unset;\"><div class=\"wp-block-cover__image-background wp-image-2001 has-parallax\" style=\"background-position:50% 50%;background-image:url(https:\/\/pyngu.ro\/wp-content\/themes\/exs-education\/assets\/img\/boys.jpg)\"><\/div><span aria-hidden=\"true\" class=\"wp-block-cover__background has-background-dim-60 has-background-dim\"><\/span><div class=\"wp-block-cover__inner-container is-layout-constrained wp-block-cover-is-layout-constrained\">\n<div class=\"wp-block-columns is-layout-flex wp-container-core-columns-is-layout-9d6595d7 wp-block-columns-is-layout-flex\">\n<div class=\"wp-block-column is-layout-flow wp-block-column-is-layout-flow\">\n<div style=\"height:80px\" aria-hidden=\"true\" class=\"wp-block-spacer\"><\/div>\n\n\n\n<h2 class=\"wp-block-heading mt-0 is-style-default mb-05 has-xxl-font-size\">G\u0103se\u0219te. Organizeaz\u0103. S\u0103rb\u0103tore\u0219te. <\/h2>\n\n\n\n<p class=\"\">Descoper\u0103 Lumea Petrecerilor pentru Copii <br>G\u0103se\u0219te \u0219i Rezerv\u0103 Loca\u021bia Perfect\u0103 cu Pyngu.ro!<\/p>\n\n\n\n<div class=\"wp-block-buttons mt-3 is-layout-flex wp-block-buttons-is-layout-flex\">\n<div class=\"wp-block-button\"><a class=\"wp-block-button__link wp-element-button\" href=\"#\">Caut\u0103 loca\u021bii<\/a><\/div>\n<\/div>\n\n\n\n<div style=\"height:80px\" aria-hidden=\"true\" class=\"wp-block-spacer\"><\/div>\n<\/div>\n\n\n\n<div class=\"wp-block-column is-layout-flow wp-block-column-is-layout-flow\"><\/div>\n<\/div>\n<\/div><\/div>\n\n\n\n<div class=\"wp-block-columns cols-single-sm pb-7 gap-60 pt-7 is-layout-flex wp-container-core-columns-is-layout-9d6595d7 wp-block-columns-is-layout-flex\">\n<div class=\"wp-block-column is-layout-flow wp-block-column-is-layout-flow\">\n<figure class=\"wp-block-image aligncenter size-full is-resized\"><img decoding=\"async\" src=\"https:\/\/pyngu.ro\/wp-content\/themes\/exs-education\/assets\/img\/icon-2.png\" alt=\"\" class=\"wp-image-1979\" style=\"width:100px\"\/><\/figure>\n\n\n\n<h4 class=\"wp-block-heading has-text-align-center mt-1 mb-1\"><strong>Rephen derit<\/strong><\/h4>\n\n\n\n<p class=\"has-text-align-center mb-05\">Duis aute irure dolor in reprehenderit convallis in voluptate velit irure esse nulla pariatur<\/p>\n\n\n\n<div class=\"wp-block-buttons is-content-justification-center is-layout-flex wp-container-core-buttons-is-layout-16018d1d wp-block-buttons-is-layout-flex\">\n<div class=\"wp-block-button is-style-arrow-transparent\"><a class=\"wp-block-button__link wp-element-button\">Velit Esse<\/a><\/div>\n<\/div>\n<\/div>\n\n\n\n<div class=\"wp-block-column is-layout-flow wp-block-column-is-layout-flow\">\n<figure class=\"wp-block-image aligncenter size-full is-resized\"><img decoding=\"async\" src=\"https:\/\/pyngu.ro\/wp-content\/themes\/exs-education\/assets\/img\/icon-1.png\" alt=\"\" class=\"wp-image-1978\" style=\"width:100px\"\/><\/figure>\n\n\n\n<h4 class=\"wp-block-heading has-text-align-center mt-1 mb-1\"><strong>Mollit Anim<\/strong><\/h4>\n\n\n\n<p class=\"has-text-align-center mb-05\">Excepteurnt in culpa qui officia deserunt irure mollit anim id est laborum efficitur<\/p>\n\n\n\n<div class=\"wp-block-buttons is-content-justification-center is-layout-flex wp-container-core-buttons-is-layout-16018d1d wp-block-buttons-is-layout-flex\">\n<div class=\"wp-block-button is-style-arrow-transparent\"><a class=\"wp-block-button__link wp-element-button\">Velit Esse<\/a><\/div>\n<\/div>\n<\/div>\n\n\n\n<div class=\"wp-block-column is-layout-flow wp-block-column-is-layout-flow\">\n<figure class=\"wp-block-image aligncenter size-full is-resized is-style-default\"><img decoding=\"async\" src=\"https:\/\/pyngu.ro\/wp-content\/themes\/exs-education\/assets\/img\/icon-4.png\" alt=\"\" class=\"wp-image-1981\" style=\"width:100px\"\/><\/figure>\n\n\n\n<h4 class=\"wp-block-heading has-text-align-center mt-1 mb-1\"><strong>Posuere Quis<\/strong><\/h4>\n\n\n\n<p class=\"has-text-align-center mb-05\">Integer ante dui, convallis posuere quis diam sed lobortis viverra est  quis tempus diam<\/p>\n\n\n\n<div class=\"wp-block-buttons is-content-justification-center is-layout-flex wp-container-core-buttons-is-layout-16018d1d wp-block-buttons-is-layout-flex\">\n<div class=\"wp-block-button is-style-arrow-transparent\"><a class=\"wp-block-button__link wp-element-button\">Velit Esse<\/a><\/div>\n<\/div>\n<\/div>\n\n\n\n<div class=\"wp-block-column is-layout-flow wp-block-column-is-layout-flow\">\n<figure class=\"wp-block-image aligncenter size-full is-resized is-style-default\"><img decoding=\"async\" src=\"https:\/\/pyngu.ro\/wp-content\/themes\/exs-education\/assets\/img\/icon-3.png\" alt=\"\" class=\"wp-image-1980\" style=\"width:100px\"\/><\/figure>\n\n\n\n<h4 class=\"wp-block-heading has-text-align-center mt-1 mb-1\"><strong>Cillum Dolore<\/strong><\/h4>\n\n\n\n<p class=\"has-text-align-center mb-05\">Esse cillum dolore eu fugiat duis aute irure  cillum dolore eu fugiat nulla pariatur<\/p>\n\n\n\n<div class=\"wp-block-buttons is-content-justification-center is-layout-flex wp-container-core-buttons-is-layout-16018d1d wp-block-buttons-is-layout-flex\">\n<div class=\"wp-block-button is-style-arrow-transparent\"><a class=\"wp-block-button__link wp-element-button\">Velit Esse<\/a><\/div>\n<\/div>\n<\/div>\n<\/div>\n\n\n\n<div class=\"wp-block-columns is-layout-flex wp-container-core-columns-is-layout-9d6595d7 wp-block-columns-is-layout-flex\">\n<div class=\"wp-block-column is-layout-flow wp-block-column-is-layout-flow\" style=\"flex-basis:33.33%\">\n<p class=\"is-style-small-text\"><mark style=\"background-color:rgba(0, 0, 0, 0)\" class=\"has-inline-color has-main-color\">Curabitur non condimentum<\/mark><\/p>\n\n\n\n<h3 class=\"wp-block-heading mt-0\"><strong>Sed ex neque<\/strong>, dictum vel lectus pulvinar.<\/h3>\n\n\n\n<p class=\"\">Tincidunt pellentesque tellus. Sed quis mi non mauris semper dignissim et porta ex. Praesent tristique mi ligula, ut pretium orci convallis accumsan.<\/p>\n\n\n\n<div class=\"wp-block-buttons mt-3 is-layout-flex wp-block-buttons-is-layout-flex\">\n<div class=\"wp-block-button\"><a class=\"wp-block-button__link wp-element-button\">Phasellus eu<\/a><\/div>\n<\/div>\n<\/div>\n\n\n\n<div class=\"wp-block-column is-layout-flow wp-block-column-is-layout-flow\" style=\"flex-basis:66.66%\">\n<div class=\"wp-block-columns cols-padding cols-shadow-hover cols-highlight cols-single-lg is-layout-flex wp-container-core-columns-is-layout-9d6595d7 wp-block-columns-is-layout-flex\">\n<div class=\"wp-block-column is-layout-flow wp-block-column-is-layout-flow\">\n<div class=\"wp-block-columns is-not-stacked-on-mobile gap-30 is-layout-flex wp-container-core-columns-is-layout-9d6595d7 wp-block-columns-is-layout-flex\">\n<div class=\"wp-block-column is-layout-flow wp-block-column-is-layout-flow\" style=\"flex-basis:40px\">\n<figure class=\"wp-block-image size-full is-resized\"><img decoding=\"async\" src=\"https:\/\/pyngu.ro\/wp-content\/themes\/exs-education\/assets\/img\/logo-x2.png\" alt=\"\" class=\"wp-image-1429\"\/><\/figure>\n<\/div>\n\n\n\n<div class=\"wp-block-column is-layout-flow wp-block-column-is-layout-flow\">\n<h4 class=\"wp-block-heading\" style=\"margin-bottom:0.5em\">Suspen elem ipsum<\/h4>\n\n\n\n<p class=\"mb-0\">Posuere malesuada elementum. Vestibulum  primis in faucibus orci luctus et ultrices.<\/p>\n<\/div>\n<\/div>\n<\/div>\n\n\n\n<div class=\"wp-block-column is-layout-flow wp-block-column-is-layout-flow\">\n<div class=\"wp-block-columns is-not-stacked-on-mobile gap-30 is-layout-flex wp-container-core-columns-is-layout-9d6595d7 wp-block-columns-is-layout-flex\">\n<div class=\"wp-block-column is-layout-flow wp-block-column-is-layout-flow\" style=\"flex-basis:40px\">\n<figure class=\"wp-block-image size-full is-resized\"><img decoding=\"async\" src=\"https:\/\/pyngu.ro\/wp-content\/themes\/exs-education\/assets\/img\/logo-x2.png\" alt=\"\" class=\"wp-image-1429\"\/><\/figure>\n<\/div>\n\n\n\n<div class=\"wp-block-column is-layout-flow wp-block-column-is-layout-flow\">\n<h4 class=\"wp-block-heading\" style=\"margin-bottom:0.5em\">Vivamus mol tortor<\/h4>\n\n\n\n<p class=\"mb-0\">Sed ac lacus nisl. Etiam fringilla lectus. Curabitur suscipit porttitor eleifend. Fusce id velit.<\/p>\n<\/div>\n<\/div>\n<\/div>\n<\/div>\n\n\n\n<div style=\"height:30px\" aria-hidden=\"true\" class=\"wp-block-spacer\"><\/div>\n\n\n\n<div class=\"wp-block-columns cols-padding cols-shadow-hover cols-highlight cols-single-lg is-layout-flex wp-container-core-columns-is-layout-9d6595d7 wp-block-columns-is-layout-flex\">\n<div class=\"wp-block-column is-layout-flow wp-block-column-is-layout-flow\">\n<div class=\"wp-block-columns is-not-stacked-on-mobile gap-30 is-layout-flex wp-container-core-columns-is-layout-9d6595d7 wp-block-columns-is-layout-flex\">\n<div class=\"wp-block-column is-layout-flow wp-block-column-is-layout-flow\" style=\"flex-basis:40px\">\n<figure class=\"wp-block-image size-full is-resized\"><img decoding=\"async\" src=\"https:\/\/pyngu.ro\/wp-content\/themes\/exs-education\/assets\/img\/logo-x2.png\" alt=\"\" class=\"wp-image-1429\"\/><\/figure>\n<\/div>\n\n\n\n<div class=\"wp-block-column is-layout-flow wp-block-column-is-layout-flow\">\n<h4 class=\"wp-block-heading\" style=\"margin-bottom:0.5em\">Malesuada ementum<\/h4>\n\n\n\n<p class=\"mb-0\">Vestibulum ante ipsum primis in faucibus orci luctus et ultrices posuere malesuada elementum.<\/p>\n<\/div>\n<\/div>\n<\/div>\n\n\n\n<div class=\"wp-block-column is-layout-flow wp-block-column-is-layout-flow\">\n<div class=\"wp-block-columns is-not-stacked-on-mobile gap-30 is-layout-flex wp-container-core-columns-is-layout-9d6595d7 wp-block-columns-is-layout-flex\">\n<div class=\"wp-block-column is-layout-flow wp-block-column-is-layout-flow\" style=\"flex-basis:40px\">\n<figure class=\"wp-block-image size-full is-resized\"><img decoding=\"async\" src=\"https:\/\/pyngu.ro\/wp-content\/themes\/exs-education\/assets\/img\/logo-x2.png\" alt=\"\" class=\"wp-image-1429\"\/><\/figure>\n<\/div>\n\n\n\n<div class=\"wp-block-column is-layout-flow wp-block-column-is-layout-flow\">\n<h4 class=\"wp-block-heading\" style=\"margin-bottom:0.5em\">Fusce id velit<\/h4>\n\n\n\n<p class=\"mb-0\">Curabitur suscipit porttitor eleifend. Fusce id velit. Sed ac lacus nisl. Etiam fringilla lectus.<\/p>\n<\/div>\n<\/div>\n<\/div>\n<\/div>\n<\/div>\n<\/div>\n\n\n\n<div style=\"height:120px\" aria-hidden=\"true\" class=\"wp-block-spacer\"><\/div>\n\n\n\n<div class=\"wp-block-cover alignfull has-parallax\"><div class=\"wp-block-cover__image-background wp-image-2005 has-parallax\" style=\"background-position:50% 50%;background-image:url(https:\/\/pyngu.ro\/wp-content\/themes\/exs-education\/assets\/img\/boy.jpg)\"><\/div><span aria-hidden=\"true\" class=\"wp-block-cover__background has-background-dim-60 has-background-dim\"><\/span><div class=\"wp-block-cover__inner-container is-layout-constrained wp-block-cover-is-layout-constrained\">\n<div style=\"height:120px\" aria-hidden=\"true\" class=\"wp-block-spacer\"><\/div>\n\n\n\n<h2 class=\"wp-block-heading has-text-align-center is-style-text-outline mb-0 mt-0 has-xxl-font-size\"><strong>Vivamus<\/strong><\/h2>\n\n\n\n<p class=\"has-text-align-center mt-1\">Mauris egestas mi eget dolor laoreet, ac facilisis nunc hendrerit.<br>Integer malesuada nisi vitae tortor iaculis luctus.<\/p>\n\n\n\n<div class=\"wp-block-buttons mt-3 is-content-justification-center is-layout-flex wp-container-core-buttons-is-layout-16018d1d wp-block-buttons-is-layout-flex\">\n<div class=\"wp-block-button\"><a class=\"wp-block-button__link wp-element-button\" href=\"#\">Malesuada<\/a><\/div>\n\n\n\n<div class=\"wp-block-button is-style-outline is-style-outline--1\"><a class=\"wp-block-button__link has-text-color has-link-color wp-element-button\" style=\"color:#ffffff\">Hendrerit dui<\/a><\/div>\n<\/div>\n\n\n\n<div style=\"height:120px\" aria-hidden=\"true\" class=\"wp-block-spacer\"><\/div>\n<\/div><\/div>\n\n\n\n<div style=\"height:100px\" aria-hidden=\"true\" class=\"wp-block-spacer\"><\/div>\n\n\n\n<div class=\"wp-block-media-text has-media-on-the-right is-stacked-on-mobile is-vertically-aligned-center is-style-default\" style=\"grid-template-columns:auto 60%\"><div class=\"wp-block-media-text__content\">\n<h2 class=\"wp-block-heading mb-15 has-huge-font-size\"><strong>Etiam a tortor<\/strong> a erat finibus euismod<br><mark style=\"background-color:rgba(0, 0, 0, 0)\" class=\"has-inline-color has-main-color\">Maecenas vitae velit nec ante<\/mark><\/h2>\n\n\n\n<p class=\"mb-3\">Mauris placerat pharetra est id semper. Curabitur turpis justo, convallis sit amet fringilla eu, auctor ac felis. Phasellus in orci gravida, dapibus diam vitae, dapibus nisl.&nbsp;<\/p>\n\n\n\n<div class=\"wp-block-columns is-layout-flex wp-container-core-columns-is-layout-9d6595d7 wp-block-columns-is-layout-flex\">\n<div class=\"wp-block-column is-layout-flow wp-block-column-is-layout-flow\">\n<h2 class=\"wp-block-heading\" style=\"margin-top:0px;margin-right:0px;margin-bottom:0px;margin-left:0px\"><strong>300+<\/strong><\/h2>\n\n\n\n<p class=\"\">Vivamus non<\/p>\n<\/div>\n\n\n\n<div class=\"wp-block-column is-layout-flow wp-block-column-is-layout-flow\">\n<h2 class=\"wp-block-heading\" style=\"margin-top:0px;margin-right:0px;margin-bottom:0px;margin-left:0px\"><strong>24\/7<\/strong><\/h2>\n\n\n\n<p class=\"\">Integer nunc<\/p>\n<\/div>\n\n\n\n<div class=\"wp-block-column is-layout-flow wp-block-column-is-layout-flow\">\n<h2 class=\"wp-block-heading\" style=\"margin-top:0px;margin-right:0px;margin-bottom:0px;margin-left:0px\"><strong>100%<\/strong><\/h2>\n\n\n\n<p class=\"\">Pellentesque<\/p>\n<\/div>\n<\/div>\n<\/div><figure class=\"wp-block-media-text__media\"><img decoding=\"async\" src=\"https:\/\/pyngu.ro\/wp-content\/themes\/exs-education\/assets\/img\/girl.jpg\" alt=\"\" class=\"wp-image-2006 size-full\"\/><\/figure><\/div>\n\n\n\n<div style=\"height:80px\" aria-hidden=\"true\" class=\"wp-block-spacer\"><\/div>\n\n\n\n<div class=\"wp-block-group pt-1 pb-2 is-layout-flow wp-block-group-is-layout-flow\">\n<h2 class=\"wp-block-heading has-text-align-center is-style-small-text\"><mark style=\"background-color:var(--colorMain)\" class=\"has-inline-color has-light-color\">nunc elementum<\/mark><\/h2>\n\n\n\n<h2 class=\"wp-block-heading has-text-align-center has-huge-font-size\" style=\"margin-top:15px;margin-bottom:20px\"><strong>Donec vulputate<\/strong> <mark style=\"background-color:rgba(0, 0, 0, 0)\" class=\"has-inline-color has-main-color\">viverra venenatis<\/mark><\/h2>\n\n\n\n<p class=\"has-text-align-center has-normal-font-size\">Mauris egestas mi eget dolor laoreet, ac facilisis nunc hendrerit.<br>Integer malesuada nisi vitae tortor iaculis luctus.<\/p>\n<\/div>\n","protected":false},"excerpt":{"rendered":"<p>Rephen derit Duis aute irure dolor in reprehenderit convallis in voluptate velit irure esse nulla pariatur Mollit Anim Excepteurnt in<span class=\"more-dots\">&#8230;<\/span><\/p>\n","protected":false},"author":1,"featured_media":0,"parent":0,"menu_order":0,"comment_status":"closed","ping_status":"closed","template":"page-templates\/no-sidebar-no-title.php","meta":{"footnotes":""},"class_list":["post-20","page","type-page","status-publish","hentry","no-post-thumbnail"],"yoast_head":"<!-- This site is optimized with the Yoast SEO plugin v25.2 - https:\/\/yoast.com\/wordpress\/plugins\/seo\/ -->\n<title>Home - pyngu.ro<\/title>\n<meta name=\"robots\" content=\"index, follow, max-snippet:-1, max-image-preview:large, max-video-preview:-1\" \/>\n<link rel=\"canonical\" href=\"https:\/\/pyngu.ro\/\" \/>\n<meta property=\"og:locale\" content=\"en_US\" \/>\n<meta property=\"og:type\" content=\"article\" \/>\n<meta property=\"og:title\" content=\"Home - pyngu.ro\" \/>\n<meta property=\"og:description\" content=\"Rephen derit Duis aute irure dolor in reprehenderit convallis in voluptate velit irure esse nulla pariatur Mollit Anim Excepteurnt in...\" \/>\n<meta property=\"og:url\" content=\"https:\/\/pyngu.ro\/\" \/>\n<meta property=\"og:site_name\" content=\"pyngu.ro\" \/>\n<meta property=\"article:modified_time\" content=\"2025-06-05T23:47:58+00:00\" \/>\n<meta name=\"twitter:card\" content=\"summary_large_image\" \/>\n<meta name=\"twitter:label1\" content=\"Est. reading time\" \/>\n\t<meta name=\"twitter:data1\" content=\"4 minutes\" \/>\n<script type=\"application\/ld+json\" class=\"yoast-schema-graph\">{\"@context\":\"https:\/\/schema.org\",\"@graph\":[{\"@type\":\"WebPage\",\"@id\":\"https:\/\/pyngu.ro\/\",\"url\":\"https:\/\/pyngu.ro\/\",\"name\":\"Home - pyngu.ro\",\"isPartOf\":{\"@id\":\"https:\/\/pyngu.ro\/#website\"},\"primaryImageOfPage\":{\"@id\":\"https:\/\/pyngu.ro\/#primaryimage\"},\"image\":{\"@id\":\"https:\/\/pyngu.ro\/#primaryimage\"},\"thumbnailUrl\":\"https:\/\/pyngu.ro\/wp-content\/themes\/exs-education\/assets\/img\/icon-2.png\",\"datePublished\":\"2024-09-28T22:50:55+00:00\",\"dateModified\":\"2025-06-05T23:47:58+00:00\",\"breadcrumb\":{\"@id\":\"https:\/\/pyngu.ro\/#breadcrumb\"},\"inLanguage\":\"en-US\",\"potentialAction\":[{\"@type\":\"ReadAction\",\"target\":[\"https:\/\/pyngu.ro\/\"]}]},{\"@type\":\"ImageObject\",\"inLanguage\":\"en-US\",\"@id\":\"https:\/\/pyngu.ro\/#primaryimage\",\"url\":\"\",\"contentUrl\":\"\"},{\"@type\":\"BreadcrumbList\",\"@id\":\"https:\/\/pyngu.ro\/#breadcrumb\",\"itemListElement\":[{\"@type\":\"ListItem\",\"position\":1,\"name\":\"Home\",\"item\":\"https:\/\/pyngu.ro\/\"},{\"@type\":\"ListItem\",\"position\":2,\"name\":\"Home\"}]},{\"@type\":\"WebSite\",\"@id\":\"https:\/\/pyngu.ro\/#website\",\"url\":\"https:\/\/pyngu.ro\/\",\"name\":\"pyngu.ro\",\"description\":\"\",\"potentialAction\":[{\"@type\":\"SearchAction\",\"target\":{\"@type\":\"EntryPoint\",\"urlTemplate\":\"https:\/\/pyngu.ro\/?s={search_term_string}\"},\"query-input\":{\"@type\":\"PropertyValueSpecification\",\"valueRequired\":true,\"valueName\":\"search_term_string\"}}],\"inLanguage\":\"en-US\"}]}<\/script>\n<!-- \/ Yoast SEO plugin. -->","yoast_head_json":{"title":"Home - pyngu.ro","robots":{"index":"index","follow":"follow","max-snippet":"max-snippet:-1","max-image-preview":"max-image-preview:large","max-video-preview":"max-video-preview:-1"},"canonical":"https:\/\/pyngu.ro\/","og_locale":"en_US","og_type":"article","og_title":"Home - pyngu.ro","og_description":"Rephen derit Duis aute irure dolor in reprehenderit convallis in voluptate velit irure esse nulla pariatur Mollit Anim Excepteurnt in...","og_url":"https:\/\/pyngu.ro\/","og_site_name":"pyngu.ro","article_modified_time":"2025-06-05T23:47:58+00:00","twitter_card":"summary_large_image","twitter_misc":{"Est. reading time":"4 minutes"},"schema":{"@context":"https:\/\/schema.org","@graph":[{"@type":"WebPage","@id":"https:\/\/pyngu.ro\/","url":"https:\/\/pyngu.ro\/","name":"Home - pyngu.ro","isPartOf":{"@id":"https:\/\/pyngu.ro\/#website"},"primaryImageOfPage":{"@id":"https:\/\/pyngu.ro\/#primaryimage"},"image":{"@id":"https:\/\/pyngu.ro\/#primaryimage"},"thumbnailUrl":"https:\/\/pyngu.ro\/wp-content\/themes\/exs-education\/assets\/img\/icon-2.png","datePublished":"2024-09-28T22:50:55+00:00","dateModified":"2025-06-05T23:47:58+00:00","breadcrumb":{"@id":"https:\/\/pyngu.ro\/#breadcrumb"},"inLanguage":"en-US","potentialAction":[{"@type":"ReadAction","target":["https:\/\/pyngu.ro\/"]}]},{"@type":"ImageObject","inLanguage":"en-US","@id":"https:\/\/pyngu.ro\/#primaryimage","url":"","contentUrl":""},{"@type":"BreadcrumbList","@id":"https:\/\/pyngu.ro\/#breadcrumb","itemListElement":[{"@type":"ListItem","position":1,"name":"Home","item":"https:\/\/pyngu.ro\/"},{"@type":"ListItem","position":2,"name":"Home"}]},{"@type":"WebSite","@id":"https:\/\/pyngu.ro\/#website","url":"https:\/\/pyngu.ro\/","name":"pyngu.ro","description":"","potentialAction":[{"@type":"SearchAction","target":{"@type":"EntryPoint","urlTemplate":"https:\/\/pyngu.ro\/?s={search_term_string}"},"query-input":{"@type":"PropertyValueSpecification","valueRequired":true,"valueName":"search_term_string"}}],"inLanguage":"en-US"}]}},"_links":{"self":[{"href":"https:\/\/pyngu.ro\/index.php?rest_route=\/wp\/v2\/pages\/20","targetHints":{"allow":["GET"]}}],"collection":[{"href":"https:\/\/pyngu.ro\/index.php?rest_route=\/wp\/v2\/pages"}],"about":[{"href":"https:\/\/pyngu.ro\/index.php?rest_route=\/wp\/v2\/types\/page"}],"author":[{"embeddable":true,"href":"https:\/\/pyngu.ro\/index.php?rest_route=\/wp\/v2\/users\/1"}],"replies":[{"embeddable":true,"href":"https:\/\/pyngu.ro\/index.php?rest_route=%2Fwp%2Fv2%2Fcomments&post=20"}],"version-history":[{"count":3,"href":"https:\/\/pyngu.ro\/index.php?rest_route=\/wp\/v2\/pages\/20\/revisions"}],"predecessor-version":[{"id":91,"href":"https:\/\/pyngu.ro\/index.php?rest_route=\/wp\/v2\/pages\/20\/revisions\/91"}],"wp:attachment":[{"href":"https:\/\/pyngu.ro\/index.php?rest_route=%2Fwp%2Fv2%2Fmedia&parent=20"}],"curies":[{"name":"wp","href":"https:\/\/api.w.org\/{rel}","templated":true}]}}